{"id":260,"date":"2019-07-09T12:35:17","date_gmt":"2019-07-09T10:35:17","guid":{"rendered":"http:\/\/apostrofa.eu\/?page_id=260"},"modified":"2023-09-19T20:53:45","modified_gmt":"2023-09-19T18:53:45","slug":"facebook","status":"publish","type":"page","link":"https:\/\/apostrofa.eu\/?page_id=260","title":{"rendered":"Facebook"},"content":{"rendered":"<p>Zapraszamy do regularnego odwiedzana naszej &#8222;FB&#8221; strony. Znajdziecie tam aktualne informacje o wydarzeniach zwi\u0105zanych z &#8222;Apostrof\u0105&#8221;, bielsko-bialskimi poetami i poetkami oraz szeroko rozumian\u0105 kultur\u0105 (i nie tylko). Oczywi\u015bcie zach\u0119camy do polubienia strony oraz pozostawiania tam komentarzy.<\/p>\n<p>Link poni\u017cej:<\/p>\n<p><a href=\"https:\/\/www.facebook.com\/profile.php?id=100064818243364\">https:\/\/www.facebook.com\/profile.php?id=100064818243364<\/a><\/p>\n<p>&nbsp;<\/p>\n","protected":false},"excerpt":{"rendered":"<p>Zapraszamy do regularnego odwiedzana naszej &#8222;FB&#8221; strony. Znajdziecie tam aktualne informacje o wydarzeniach zwi\u0105zanych z &#8222;Apostrof\u0105&#8221;, bielsko-bialskimi poetami i poetkami oraz szeroko rozumian\u0105 kultur\u0105 (i nie tylko). Oczywi\u015bcie zach\u0119camy do polubienia strony oraz pozostawiania tam komentarzy. Link poni\u017cej: https:\/\/www.facebook.com\/profile.php?id=100064818243364 &nbsp;<\/p>\n","protected":false},"author":1,"featured_media":0,"parent":0,"menu_order":0,"comment_status":"closed","ping_status":"closed","template":"","meta":{"footnotes":""},"class_list":["post-260","page","type-page","status-publish","hentry"],"_links":{"self":[{"href":"https:\/\/apostrofa.eu\/index.php?rest_route=\/wp\/v2\/pages\/260","targetHints":{"allow":["GET"]}}],"collection":[{"href":"https:\/\/apostrofa.eu\/index.php?rest_route=\/wp\/v2\/pages"}],"about":[{"href":"https:\/\/apostrofa.eu\/index.php?rest_route=\/wp\/v2\/types\/page"}],"author":[{"embeddable":true,"href":"https:\/\/apostrofa.eu\/index.php?rest_route=\/wp\/v2\/users\/1"}],"replies":[{"embeddable":true,"href":"https:\/\/apostrofa.eu\/index.php?rest_route=%2Fwp%2Fv2%2Fcomments&post=260"}],"version-history":[{"count":4,"href":"https:\/\/apostrofa.eu\/index.php?rest_route=\/wp\/v2\/pages\/260\/revisions"}],"predecessor-version":[{"id":878,"href":"https:\/\/apostrofa.eu\/index.php?rest_route=\/wp\/v2\/pages\/260\/revisions\/878"}],"wp:attachment":[{"href":"https:\/\/apostrofa.eu\/index.php?rest_route=%2Fwp%2Fv2%2Fmedia&parent=260"}],"curies":[{"name":"wp","href":"https:\/\/api.w.org\/{rel}","templated":true}]}}